{"id":6,"date":"2023-05-23T13:13:09","date_gmt":"2023-05-23T13:13:09","guid":{"rendered":"https:\/\/sueniosdetermas.com.ar\/web\/?page_id=6"},"modified":"2025-10-15T18:50:49","modified_gmt":"2025-10-15T18:50:49","slug":"inicio","status":"publish","type":"page","link":"https:\/\/sueniosdetermas.com.ar\/web\/","title":{"rendered":"MENU"},"content":{"rendered":"<p>[et_pb_section fb_built=\u00bb1&#8243; fullwidth=\u00bbon\u00bb _builder_version=\u00bb3.19.3&#8243; background_image=\u00bbhttps:\/\/sueniosdetermas.com.ar\/web\/wp-content\/uploads\/2023\/08\/Sin-t\u00edtulo-1280-\u00d7-720-px.png\u00bb max_width_last_edited=\u00bbon|desktop\u00bb][et_pb_fullwidth_image src=\u00bbhttps:\/\/sueniosdetermas.com.ar\/web\/wp-content\/uploads\/2023\/08\/Sin-t\u00edtulo-1280-\u00d7-720-px.png\u00bb _builder_version=\u00bb3.19.3&#8243;][\/et_pb_fullwidth_image][\/et_pb_section][et_pb_section fb_built=\u00bb1&#8243; _builder_version=\u00bb3.19.3&#8243; custom_padding=\u00bb15px|0px|0|0px|false|false\u00bb][et_pb_row custom_padding=\u00bb0|0px|0|0px|false|false\u00bb _builder_version=\u00bb3.19.3&#8243;][et_pb_column type=\u00bb4_4&#8243; _builder_version=\u00bb3.19.3&#8243; parallax=\u00bboff\u00bb parallax_method=\u00bbon\u00bb][et_pb_text _builder_version=\u00bb3.19.3&#8243; text_font=\u00bbVerdana|800|on||||||\u00bb text_font_size=\u00bb28px\u00bb text_text_shadow_style=\u00bbpreset1&#8243;]<\/p>\n<h1 style=\"text-align: center;\">ALOJAMIENTOS<\/h1>\n<p>[\/et_pb_text][\/et_pb_column][\/et_pb_row][et_pb_row _builder_version=\u00bb3.19.3&#8243;][et_pb_column type=\u00bb4_4&#8243; _builder_version=\u00bb3.19.3&#8243; parallax=\u00bboff\u00bb parallax_method=\u00bbon\u00bb][et_pb_text _builder_version=\u00bb3.19.3&#8243;]<\/p>\n<p><strong data-start=\"94\" data-end=\"150\">Tu descanso so\u00f1ado, dentro del Parque Termal Chajar\u00ed<\/strong><br data-start=\"150\" data-end=\"153\"> Bungalows totalmente equipados, en contacto con la naturaleza y con todos los servicios. \u00a1Viv\u00ed la experiencia termal desde adentro!<\/p>\n<p>[\/et_pb_text][et_pb_text _builder_version=\u00bb3.19.3&#8243;][\/et_pb_text][\/et_pb_column][\/et_pb_row][et_pb_row custom_padding=\u00bb0|0px|21px|0px|false|false\u00bb _builder_version=\u00bb3.19.3&#8243;][et_pb_column type=\u00bb4_4&#8243; _builder_version=\u00bb3.19.3&#8243; parallax=\u00bboff\u00bb parallax_method=\u00bbon\u00bb][et_pb_button button_url=\u00bbhttps:\/\/sueniosdetermas.com.ar\/web\/bungalows-suenos-de-termas\/\u00bb url_new_window=\u00bbon\u00bb button_text=\u00bbBUNGALOWS SUE\u00d1OS DE TERMAS\u00bb _builder_version=\u00bb3.19.3&#8243; custom_button=\u00bbon\u00bb button_text_size=\u00bb24px\u00bb button_text_color=\u00bb#000000&#8243; button_border_color=\u00bbrgba(0,0,0,0)\u00bb button_font=\u00bb||||||||\u00bb][\/et_pb_button][\/et_pb_column][\/et_pb_row][\/et_pb_section][et_pb_section fb_built=\u00bb1&#8243; _builder_version=\u00bb3.19.3&#8243; custom_padding=\u00bb0|0px|0|0px|false|false\u00bb][et_pb_row custom_padding=\u00bb27px|0px|0|0px|false|false\u00bb _builder_version=\u00bb3.19.3&#8243;][et_pb_column type=\u00bb4_4&#8243; _builder_version=\u00bb3.19.3&#8243; parallax=\u00bboff\u00bb parallax_method=\u00bbon\u00bb][et_pb_image src=\u00bbhttps:\/\/sueniosdetermas.com.ar\/web\/wp-content\/uploads\/2023\/08\/141-scaled.jpg\u00bb show_in_lightbox=\u00bbon\u00bb _builder_version=\u00bb3.19.3&#8243;][\/et_pb_image][\/et_pb_column][\/et_pb_row][\/et_pb_section][et_pb_section fb_built=\u00bb1&#8243; _builder_version=\u00bb3.19.3&#8243; custom_padding=\u00bb0|0px|15px|0px|false|false\u00bb][\/et_pb_section][et_pb_section fb_built=\u00bb1&#8243; _builder_version=\u00bb3.19.3&#8243; custom_padding=\u00bb29px|0px|15px|0px|false|false\u00bb][et_pb_row _builder_version=\u00bb3.19.3&#8243;][et_pb_column type=\u00bb4_4&#8243; _builder_version=\u00bb3.19.3&#8243; parallax=\u00bboff\u00bb parallax_method=\u00bbon\u00bb][et_pb_button button_url=\u00bbhttps:\/\/sueniosdetermas.com.ar\/web\/agua-de-vida\/\u00bb url_new_window=\u00bbon\u00bb button_text=\u00bbBUNGALOWS AGUA DE VIDA\u00bb _builder_version=\u00bb3.19.3&#8243; custom_button=\u00bbon\u00bb button_text_size=\u00bb24px\u00bb button_text_color=\u00bb#000000&#8243; button_border_color=\u00bbrgba(0,0,0,0)\u00bb button_font=\u00bb||||||||\u00bb][\/et_pb_button][et_pb_image src=\u00bbhttps:\/\/sueniosdetermas.com.ar\/web\/wp-content\/uploads\/2025\/02\/IMG_20241029_133150-1-scaled.jpg\u00bb show_in_lightbox=\u00bbon\u00bb align=\u00bbcenter\u00bb _builder_version=\u00bb3.19.3&#8243;][\/et_pb_image][\/et_pb_column][\/et_pb_row][et_pb_row custom_padding=\u00bb27px|0px|0|0px|false|false\u00bb _builder_version=\u00bb3.19.3&#8243;][et_pb_column type=\u00bb4_4&#8243; _builder_version=\u00bb3.19.3&#8243; parallax=\u00bboff\u00bb parallax_method=\u00bbon\u00bb][et_pb_button button_url=\u00bbhttps:\/\/sueniosdetermas.com.ar\/web\/?page_id=133&amp;et_fb=1&#8243; button_text=\u00bbM\u00c1S INFO\u00bb _builder_version=\u00bb3.19.3&#8243;][\/et_pb_button][et_pb_cta title=\u00bbDisfrut\u00e1 de tu estad\u00eda en el Parque Termal Chajar\u00ed. Alquiler de bungalows totalmente equipados, con todos los servicios, piscina y entorno natural.\u00bb button_url=\u00bbhttps:\/\/api.whatsapp.com\/send\/?phone=5493456455051&amp;text&amp;type=phone_number&amp;app_absent=0&#8243; url_new_window=\u00bbon\u00bb button_text=\u00bb \u00a1Consultanos y reserv\u00e1!\u00bb _builder_version=\u00bb3.19.3&#8243; background_color=\u00bb#0c1413&#8243; link_option_url_new_window=\u00bbon\u00bb][\/et_pb_cta][et_pb_contact_form email=\u00bbsueniosdetermas@gmail.com\u00bb title=\u00bbFORMULARIO DE CONSULTAS\u00bb success_message=\u00bbGracias por comunicarse. En breve responderemos\u00bb submit_button_text=\u00bbEnviar\u00bb _builder_version=\u00bb3.19.3&#8243;][et_pb_contact_field field_id=\u00bbName\u00bb field_title=\u00bbNombre\u00bb _builder_version=\u00bb3.19.3&#8243; border_radii=\u00bbon||||\u00bb button_text_size__hover_enabled=\u00bboff\u00bb button_one_text_size__hover_enabled=\u00bboff\u00bb button_two_text_size__hover_enabled=\u00bboff\u00bb button_text_color__hover_enabled=\u00bboff\u00bb button_one_text_color__hover_enabled=\u00bboff\u00bb button_two_text_color__hover_enabled=\u00bboff\u00bb button_border_width__hover_enabled=\u00bboff\u00bb button_one_border_width__hover_enabled=\u00bboff\u00bb button_two_border_width__hover_enabled=\u00bboff\u00bb button_border_color__hover_enabled=\u00bboff\u00bb button_one_border_color__hover_enabled=\u00bboff\u00bb button_two_border_color__hover_enabled=\u00bboff\u00bb button_border_radius__hover_enabled=\u00bboff\u00bb button_one_border_radius__hover_enabled=\u00bboff\u00bb button_two_border_radius__hover_enabled=\u00bboff\u00bb button_letter_spacing__hover_enabled=\u00bboff\u00bb button_one_letter_spacing__hover_enabled=\u00bboff\u00bb button_two_letter_spacing__hover_enabled=\u00bboff\u00bb button_bg_color__hover_enabled=\u00bboff\u00bb button_one_bg_color__hover_enabled=\u00bboff\u00bb button_two_bg_color__hover_enabled=\u00bboff\u00bb][\/et_pb_contact_field][et_pb_contact_field field_id=\u00bbEmail\u00bb field_title=\u00bbDirecci\u00f3n de correo electr\u00f3nico\u00bb field_type=\u00bbemail\u00bb _builder_version=\u00bb3.16&#8243; border_radii=\u00bbon||||\u00bb button_text_size__hover_enabled=\u00bboff\u00bb button_one_text_size__hover_enabled=\u00bboff\u00bb button_two_text_size__hover_enabled=\u00bboff\u00bb button_text_color__hover_enabled=\u00bboff\u00bb button_one_text_color__hover_enabled=\u00bboff\u00bb button_two_text_color__hover_enabled=\u00bboff\u00bb button_border_width__hover_enabled=\u00bboff\u00bb button_one_border_width__hover_enabled=\u00bboff\u00bb button_two_border_width__hover_enabled=\u00bboff\u00bb button_border_color__hover_enabled=\u00bboff\u00bb button_one_border_color__hover_enabled=\u00bboff\u00bb button_two_border_color__hover_enabled=\u00bboff\u00bb button_border_radius__hover_enabled=\u00bboff\u00bb button_one_border_radius__hover_enabled=\u00bboff\u00bb button_two_border_radius__hover_enabled=\u00bboff\u00bb button_letter_spacing__hover_enabled=\u00bboff\u00bb button_one_letter_spacing__hover_enabled=\u00bboff\u00bb button_two_letter_spacing__hover_enabled=\u00bboff\u00bb button_bg_color__hover_enabled=\u00bboff\u00bb button_one_bg_color__hover_enabled=\u00bboff\u00bb button_two_bg_color__hover_enabled=\u00bboff\u00bb][\/et_pb_contact_field][et_pb_contact_field field_id=\u00bbdirecion\u00bb field_title=\u00bbCiudad, Provincia\u00bb _builder_version=\u00bb3.19.3&#8243; border_radii=\u00bbon||||\u00bb button_text_size__hover_enabled=\u00bboff\u00bb button_one_text_size__hover_enabled=\u00bboff\u00bb button_two_text_size__hover_enabled=\u00bboff\u00bb button_text_color__hover_enabled=\u00bboff\u00bb button_one_text_color__hover_enabled=\u00bboff\u00bb button_two_text_color__hover_enabled=\u00bboff\u00bb button_border_width__hover_enabled=\u00bboff\u00bb button_one_border_width__hover_enabled=\u00bboff\u00bb button_two_border_width__hover_enabled=\u00bboff\u00bb button_border_color__hover_enabled=\u00bboff\u00bb button_one_border_color__hover_enabled=\u00bboff\u00bb button_two_border_color__hover_enabled=\u00bboff\u00bb button_border_radius__hover_enabled=\u00bboff\u00bb button_one_border_radius__hover_enabled=\u00bboff\u00bb button_two_border_radius__hover_enabled=\u00bboff\u00bb button_letter_spacing__hover_enabled=\u00bboff\u00bb button_one_letter_spacing__hover_enabled=\u00bboff\u00bb button_two_letter_spacing__hover_enabled=\u00bboff\u00bb button_bg_color__hover_enabled=\u00bboff\u00bb button_one_bg_color__hover_enabled=\u00bboff\u00bb button_two_bg_color__hover_enabled=\u00bboff\u00bb][\/et_pb_contact_field][et_pb_contact_field field_id=\u00bbcelu\u00bb field_title=\u00bbWhatsApp\u00bb allowed_symbols=\u00bbnumbers\u00bb _builder_version=\u00bb3.19.3&#8243; border_radii=\u00bbon||||\u00bb button_text_size__hover_enabled=\u00bboff\u00bb button_one_text_size__hover_enabled=\u00bboff\u00bb button_two_text_size__hover_enabled=\u00bboff\u00bb button_text_color__hover_enabled=\u00bboff\u00bb button_one_text_color__hover_enabled=\u00bboff\u00bb button_two_text_color__hover_enabled=\u00bboff\u00bb button_border_width__hover_enabled=\u00bboff\u00bb button_one_border_width__hover_enabled=\u00bboff\u00bb button_two_border_width__hover_enabled=\u00bboff\u00bb button_border_color__hover_enabled=\u00bboff\u00bb button_one_border_color__hover_enabled=\u00bboff\u00bb button_two_border_color__hover_enabled=\u00bboff\u00bb button_border_radius__hover_enabled=\u00bboff\u00bb button_one_border_radius__hover_enabled=\u00bboff\u00bb button_two_border_radius__hover_enabled=\u00bboff\u00bb button_letter_spacing__hover_enabled=\u00bboff\u00bb button_one_letter_spacing__hover_enabled=\u00bboff\u00bb button_two_letter_spacing__hover_enabled=\u00bboff\u00bb button_bg_color__hover_enabled=\u00bboff\u00bb button_one_bg_color__hover_enabled=\u00bboff\u00bb button_two_bg_color__hover_enabled=\u00bboff\u00bb][\/et_pb_contact_field][et_pb_contact_field field_id=\u00bbingreso\u00bb field_title=\u00bbFecha Ingreso\u00bb _builder_version=\u00bb3.19.3&#8243; border_radii=\u00bbon||||\u00bb button_text_size__hover_enabled=\u00bboff\u00bb button_one_text_size__hover_enabled=\u00bboff\u00bb button_two_text_size__hover_enabled=\u00bboff\u00bb button_text_color__hover_enabled=\u00bboff\u00bb button_one_text_color__hover_enabled=\u00bboff\u00bb button_two_text_color__hover_enabled=\u00bboff\u00bb button_border_width__hover_enabled=\u00bboff\u00bb button_one_border_width__hover_enabled=\u00bboff\u00bb button_two_border_width__hover_enabled=\u00bboff\u00bb button_border_color__hover_enabled=\u00bboff\u00bb button_one_border_color__hover_enabled=\u00bboff\u00bb button_two_border_color__hover_enabled=\u00bboff\u00bb button_border_radius__hover_enabled=\u00bboff\u00bb button_one_border_radius__hover_enabled=\u00bboff\u00bb button_two_border_radius__hover_enabled=\u00bboff\u00bb button_letter_spacing__hover_enabled=\u00bboff\u00bb button_one_letter_spacing__hover_enabled=\u00bboff\u00bb button_two_letter_spacing__hover_enabled=\u00bboff\u00bb button_bg_color__hover_enabled=\u00bboff\u00bb button_one_bg_color__hover_enabled=\u00bboff\u00bb button_two_bg_color__hover_enabled=\u00bboff\u00bb][\/et_pb_contact_field][et_pb_contact_field field_id=\u00bbPersonas\u00bb field_title=\u00bbCantidad de Personas\u00bb _builder_version=\u00bb3.19.3&#8243; border_radii=\u00bbon||||\u00bb button_text_size__hover_enabled=\u00bboff\u00bb button_one_text_size__hover_enabled=\u00bboff\u00bb button_two_text_size__hover_enabled=\u00bboff\u00bb button_text_color__hover_enabled=\u00bboff\u00bb button_one_text_color__hover_enabled=\u00bboff\u00bb button_two_text_color__hover_enabled=\u00bboff\u00bb button_border_width__hover_enabled=\u00bboff\u00bb button_one_border_width__hover_enabled=\u00bboff\u00bb button_two_border_width__hover_enabled=\u00bboff\u00bb button_border_color__hover_enabled=\u00bboff\u00bb button_one_border_color__hover_enabled=\u00bboff\u00bb button_two_border_color__hover_enabled=\u00bboff\u00bb button_border_radius__hover_enabled=\u00bboff\u00bb button_one_border_radius__hover_enabled=\u00bboff\u00bb button_two_border_radius__hover_enabled=\u00bboff\u00bb button_letter_spacing__hover_enabled=\u00bboff\u00bb button_one_letter_spacing__hover_enabled=\u00bboff\u00bb button_two_letter_spacing__hover_enabled=\u00bboff\u00bb button_bg_color__hover_enabled=\u00bboff\u00bb button_one_bg_color__hover_enabled=\u00bboff\u00bb button_two_bg_color__hover_enabled=\u00bboff\u00bb][\/et_pb_contact_field][et_pb_contact_field field_id=\u00bbMessage\u00bb field_title=\u00bbMensaje\u00bb field_type=\u00bbtext\u00bb required_mark=\u00bboff\u00bb fullwidth_field=\u00bbon\u00bb _builder_version=\u00bb3.19.3&#8243; border_radii=\u00bbon||||\u00bb button_text_size__hover_enabled=\u00bboff\u00bb button_one_text_size__hover_enabled=\u00bboff\u00bb button_two_text_size__hover_enabled=\u00bboff\u00bb button_text_color__hover_enabled=\u00bboff\u00bb button_one_text_color__hover_enabled=\u00bboff\u00bb button_two_text_color__hover_enabled=\u00bboff\u00bb button_border_width__hover_enabled=\u00bboff\u00bb button_one_border_width__hover_enabled=\u00bboff\u00bb button_two_border_width__hover_enabled=\u00bboff\u00bb button_border_color__hover_enabled=\u00bboff\u00bb button_one_border_color__hover_enabled=\u00bboff\u00bb button_two_border_color__hover_enabled=\u00bboff\u00bb button_border_radius__hover_enabled=\u00bboff\u00bb button_one_border_radius__hover_enabled=\u00bboff\u00bb button_two_border_radius__hover_enabled=\u00bboff\u00bb button_letter_spacing__hover_enabled=\u00bboff\u00bb button_one_letter_spacing__hover_enabled=\u00bboff\u00bb button_two_letter_spacing__hover_enabled=\u00bboff\u00bb button_bg_color__hover_enabled=\u00bboff\u00bb button_one_bg_color__hover_enabled=\u00bboff\u00bb button_two_bg_color__hover_enabled=\u00bboff\u00bb][\/et_pb_contact_field][\/et_pb_contact_form][\/et_pb_column][\/et_pb_row][et_pb_row custom_padding=\u00bb27px|0px|0|0px|false|false\u00bb _builder_version=\u00bb3.19.3&#8243;][et_pb_column type=\u00bb4_4&#8243; _builder_version=\u00bb3.19.3&#8243; parallax=\u00bboff\u00bb parallax_method=\u00bbon\u00bb][et_pb_divider _builder_version=\u00bb3.19.3&#8243;][\/et_pb_divider][\/et_pb_column][\/et_pb_row][et_pb_row custom_padding=\u00bb6px|0px|16px|0px|false|false\u00bb _builder_version=\u00bb3.19.3&#8243;][et_pb_column type=\u00bb4_4&#8243; _builder_version=\u00bb3.19.3&#8243; parallax=\u00bboff\u00bb parallax_method=\u00bbon\u00bb][et_pb_text _builder_version=\u00bb3.19.3&#8243; text_font=\u00bb|800|||||||\u00bb text_font_size=\u00bb27px\u00bb]<\/p>\n<p style=\"text-align: center;\"><img decoding=\"async\" src=\"https:\/\/sueniosdetermas.com.ar\/web\/wp-content\/uploads\/2023\/05\/lowpp.png\"> <a href=\"https:\/\/api.whatsapp.com\/send?phone=5493456455051\">ENVIANOS TUS CONSULTAS POR WHATSAPP<\/a><\/p>\n<p>[\/et_pb_text][\/et_pb_column][\/et_pb_row][\/et_pb_section][et_pb_section fb_built=\u00bb1&#8243; _builder_version=\u00bb3.19.3&#8243; custom_padding=\u00bb15px|0px|0|0px|false|false\u00bb][et_pb_row custom_padding=\u00bb0|0px|0|0px|false|false\u00bb _builder_version=\u00bb3.19.3&#8243;][et_pb_column type=\u00bb4_4&#8243; _builder_version=\u00bb3.19.3&#8243; parallax=\u00bboff\u00bb parallax_method=\u00bbon\u00bb][et_pb_text _builder_version=\u00bb3.19.3&#8243; text_font=\u00bbVerdana|800|on||||||\u00bb text_font_size=\u00bb28px\u00bb text_text_shadow_style=\u00bbpreset1&#8243;]<\/p>\n<h1 style=\"text-align: center;\">\u00bfCONOCES EL PARQUE TERMAL DE CHAJARI?<\/h1>\n<p>[\/et_pb_text][\/et_pb_column][\/et_pb_row][et_pb_row custom_padding=\u00bb27px|0px|0|0px|false|false\u00bb _builder_version=\u00bb3.19.3&#8243;][et_pb_column type=\u00bb4_4&#8243; _builder_version=\u00bb3.19.3&#8243; parallax=\u00bboff\u00bb parallax_method=\u00bbon\u00bb][et_pb_text _builder_version=\u00bb3.19.3&#8243;]<\/p>\n<p><span>El Parque Termal \u201cDaniel Tisocco\u201d se encuentra ubicado al norte de la provincia de Entre R\u00edos. Cuenta con una superficie de 40 ha emplazadas sobre el kil\u00f3metro 329 de la Autov\u00eda Nacional \u201cJos\u00e9 Gervasio Artigas\u201d y la Avenida \u201cPadre Miguel Gallay\u201d.<\/span><\/p>\n<p>Nuestro Parque cuenta con 12 piscinas, se\u00f1alizadas y segmentadas para ni\u00f1os y adultos con temperaturas de agua termal que var\u00edan desde los 32\u00ba a los 40\u00ba. Entre ellas se encuentra una piscina integrada, adaptada para personas con movilidad reducida; una piscina con cascada para la relajaci\u00f3n muscular; tres piscinas con hidrojets; una Semi-ol\u00edmpica para actividades recreativas; una mini piscina babero; dos piscinas para ni\u00f1os con juegos recreativos y, por \u00faltimo, dos piscinas de uso temporal una con toboganes, y otra con cascada. Se suman, adem\u00e1s, los sectores de duchas y jacuzzis.<\/p>\n<p>[\/et_pb_text][et_pb_text _builder_version=\u00bb3.19.3&#8243;][\/et_pb_text][\/et_pb_column][\/et_pb_row][\/et_pb_section][et_pb_section fb_built=\u00bb1&#8243; _builder_version=\u00bb3.19.3&#8243; background_color=\u00bb#f4f4f4&#8243; custom_padding=\u00bb31px|0px|0|0px|false|false\u00bb][et_pb_row _builder_version=\u00bb3.19.3&#8243;][et_pb_column type=\u00bb4_4&#8243; _builder_version=\u00bb3.19.3&#8243; parallax=\u00bboff\u00bb parallax_method=\u00bbon\u00bb][et_pb_text _builder_version=\u00bb3.19.3&#8243; text_font=\u00bb||||||||\u00bb text_text_color=\u00bb#000000&#8243; text_font_size=\u00bb30px\u00bb]<\/p>\n<p style=\"text-align: center;\"><strong>GALERIA DE FOTOS&nbsp;<\/strong><\/p>\n<p>[\/et_pb_text][\/et_pb_column][\/et_pb_row][et_pb_row _builder_version=\u00bb3.19.3&#8243;][et_pb_column type=\u00bb4_4&#8243; _builder_version=\u00bb3.19.3&#8243; parallax=\u00bboff\u00bb parallax_method=\u00bbon\u00bb][et_pb_image src=\u00bbhttps:\/\/sueniosdetermas.com.ar\/web\/wp-content\/uploads\/2023\/11\/20.jpg\u00bb show_in_lightbox=\u00bbon\u00bb _builder_version=\u00bb3.19.3&#8243;][\/et_pb_image][\/et_pb_column][\/et_pb_row][et_pb_row custom_padding=\u00bb4px|0px|0|0px|false|false\u00bb _builder_version=\u00bb3.19.3&#8243;][et_pb_column type=\u00bb4_4&#8243; _builder_version=\u00bb3.19.3&#8243; parallax=\u00bboff\u00bb parallax_method=\u00bbon\u00bb][et_pb_gallery gallery_ids=\u00bb288,344,279,276,330,329,275,274,261,328,335,320,324,325,337,338,340,342,351,350,349,347,339,313,292,297,289,290,291,332,343,336,314,309,311,310,316,293&#8243; show_title_and_caption=\u00bboff\u00bb _builder_version=\u00bb3.19.3&#8243; title_font=\u00bb||||||||\u00bb title_font_size=\u00bb1px\u00bb caption_font=\u00bb||||||||\u00bb pagination_font=\u00bb||||||||\u00bb][\/et_pb_gallery][\/et_pb_column][\/et_pb_row][\/et_pb_section][et_pb_section fb_built=\u00bb1&#8243; fullwidth=\u00bbon\u00bb _builder_version=\u00bb3.19.3&#8243; custom_padding=\u00bb0|0|0px|5px|false|false\u00bb][et_pb_fullwidth_code _builder_version=\u00bb3.19.3&#8243;]<iframe loading=\"lazy\" src=\"https:\/\/www.google.com\/maps\/embed?pb=!1m12!1m8!1m3!1d8155.8436807086455!2d-58.00449054029044!3d-30.743415521271693!3m2!1i1024!2i768!4f13.1!2m1!1sMAPA+TERMAS+CHAJARI!5e0!3m2!1ses-419!2sar!4v1510535428443\" width=\"100%\" height=\"450\" frameborder=\"0\" style=\"border:0\" allowfullscreen=\"\"><\/iframe>[\/et_pb_fullwidth_code][\/et_pb_section][et_pb_section fb_built=\u00bb1&#8243; fullwidth=\u00bbon\u00bb _builder_version=\u00bb3.19.3&#8243;][et_pb_fullwidth_image src=\u00bbhttps:\/\/sueniosdetermas.com.ar\/web\/wp-content\/uploads\/2023\/08\/1.jpg\u00bb _builder_version=\u00bb3.19.3&#8243;][\/et_pb_fullwidth_image][\/et_pb_section]<\/p>\n","protected":false},"excerpt":{"rendered":"<p>[et_pb_section fb_built=\u00bb1&#8243; fullwidth=\u00bbon\u00bb _builder_version=\u00bb3.19.3&#8243; background_image=\u00bbhttps:\/\/sueniosdetermas.com.ar\/web\/wp-content\/uploads\/2023\/08\/Sin-t\u00edtulo-1280-\u00d7-720-px.png\u00bb max_width_last_edited=\u00bbon|desktop\u00bb][et_pb_fullwidth_image src=\u00bbhttps:\/\/sueniosdetermas.com.ar\/web\/wp-content\/uploads\/2023\/08\/Sin-t\u00edtulo-1280-\u00d7-720-px.png\u00bb _builder_version=\u00bb3.19.3&#8243;][\/et_pb_fullwidth_image][\/et_pb_section][et_pb_section fb_built=\u00bb1&#8243; _builder_version=\u00bb3.19.3&#8243; custom_padding=\u00bb15px|0px|0|0px|false|false\u00bb][et_pb_row custom_padding=\u00bb0|0px|0|0px|false|false\u00bb _builder_version=\u00bb3.19.3&#8243;][et_pb_column type=\u00bb4_4&#8243; _builder_version=\u00bb3.19.3&#8243; parallax=\u00bboff\u00bb parallax_method=\u00bbon\u00bb][et_pb_text _builder_version=\u00bb3.19.3&#8243; text_font=\u00bbVerdana|800|on||||||\u00bb text_font_size=\u00bb28px\u00bb text_text_shadow_style=\u00bbpreset1&#8243;] ALOJAMIENTOS [\/et_pb_text][\/et_pb_column][\/et_pb_row][et_pb_row _builder_version=\u00bb3.19.3&#8243;][et_pb_column type=\u00bb4_4&#8243; _builder_version=\u00bb3.19.3&#8243; parallax=\u00bboff\u00bb parallax_method=\u00bbon\u00bb][et_pb_text _builder_version=\u00bb3.19.3&#8243;] Tu descanso so\u00f1ado, dentro del Parque Termal Chajar\u00ed Bungalows totalmente equipados, en contacto con la naturaleza y con todos los servicios. \u00a1Viv\u00ed la experiencia termal desde [&hellip;]<\/p>\n","protected":false},"author":1,"featured_media":0,"parent":0,"menu_order":0,"comment_status":"closed","ping_status":"closed","template":"","meta":{"_et_pb_use_builder":"on","_et_pb_old_content":""},"_links":{"self":[{"href":"https:\/\/sueniosdetermas.com.ar\/web\/wp-json\/wp\/v2\/pages\/6"}],"collection":[{"href":"https:\/\/sueniosdetermas.com.ar\/web\/wp-json\/wp\/v2\/pages"}],"about":[{"href":"https:\/\/sueniosdetermas.com.ar\/web\/wp-json\/wp\/v2\/types\/page"}],"author":[{"embeddable":true,"href":"https:\/\/sueniosdetermas.com.ar\/web\/wp-json\/wp\/v2\/users\/1"}],"replies":[{"embeddable":true,"href":"https:\/\/sueniosdetermas.com.ar\/web\/wp-json\/wp\/v2\/comments?post=6"}],"version-history":[{"count":62,"href":"https:\/\/sueniosdetermas.com.ar\/web\/wp-json\/wp\/v2\/pages\/6\/revisions"}],"predecessor-version":[{"id":478,"href":"https:\/\/sueniosdetermas.com.ar\/web\/wp-json\/wp\/v2\/pages\/6\/revisions\/478"}],"wp:attachment":[{"href":"https:\/\/sueniosdetermas.com.ar\/web\/wp-json\/wp\/v2\/media?parent=6"}],"curies":[{"name":"wp","href":"https:\/\/api.w.org\/{rel}","templated":true}]}}